{"id":9,"date":"2024-05-28T00:18:11","date_gmt":"2024-05-28T00:18:11","guid":{"rendered":"https:\/\/cintiacoturel.com.ar\/builder\/?page_id=9"},"modified":"2025-11-11T15:18:02","modified_gmt":"2025-11-11T15:18:02","slug":"inicio","status":"publish","type":"page","link":"https:\/\/cintiacoturel.com.ar\/builder\/","title":{"rendered":"INICIO"},"content":{"rendered":"<p>[et_pb_section fb_built=\u00bb1&#8243; fullwidth=\u00bbon\u00bb _builder_version=\u00bb4.25.1&#8243; _module_preset=\u00bbdefault\u00bb global_colors_info=\u00bb{}\u00bb][et_pb_nextend_smart_slider_3_fullwidth slider=\u00bb3&#8243; _builder_version=\u00bb4.25.1&#8243; _module_preset=\u00bbdefault\u00bb global_colors_info=\u00bb{}\u00bb][\/et_pb_nextend_smart_slider_3_fullwidth][\/et_pb_section][et_pb_section fb_built=\u00bb1&#8243; _builder_version=\u00bb4.25.1&#8243; _module_preset=\u00bbdefault\u00bb custom_padding=\u00bb3px||102px|||\u00bb global_colors_info=\u00bb{}\u00bb][et_pb_row column_structure=\u00bb2_5,3_5&#8243; _builder_version=\u00bb4.27.3&#8243; _module_preset=\u00bbdefault\u00bb width=\u00bb69%\u00bb width_tablet=\u00bb70%\u00bb width_phone=\u00bb70%\u00bb width_last_edited=\u00bbon|phone\u00bb max_width=\u00bb1270px\u00bb custom_margin=\u00bb31px|auto||auto|false|false\u00bb custom_margin_tablet=\u00bb60px||||false|false\u00bb custom_margin_phone=\u00bb-4px|auto||auto|false|false\u00bb custom_margin_last_edited=\u00bbon|phone\u00bb custom_padding=\u00bb0px||0px|||\u00bb global_colors_info=\u00bb{}\u00bb][et_pb_column type=\u00bb2_5&#8243; _builder_version=\u00bb4.25.1&#8243; _module_preset=\u00bbdefault\u00bb global_colors_info=\u00bb{}\u00bb][et_pb_image src=\u00bbhttps:\/\/cintiacoturel.com.ar\/builder\/wp-content\/uploads\/2024\/06\/circulo.png\u00bb title_text=\u00bbcirculo\u00bb align=\u00bbcenter\u00bb _builder_version=\u00bb4.25.1&#8243; _module_preset=\u00bbdefault\u00bb width=\u00bb84%\u00bb width_tablet=\u00bb\u00bb width_phone=\u00bb73%\u00bb width_last_edited=\u00bbon|phone\u00bb max_width=\u00bb100%\u00bb module_alignment=\u00bbcenter\u00bb custom_margin=\u00bb-20px|-119px||78px|false|false\u00bb custom_margin_tablet=\u00bb-37px|-14px||43px||\u00bb custom_margin_phone=\u00bb0px|0px|-25px|0px|false|false\u00bb custom_margin_last_edited=\u00bbon|phone\u00bb custom_padding=\u00bb0px|0px|0px|0px|false|false\u00bb global_colors_info=\u00bb{}\u00bb][\/et_pb_image][\/et_pb_column][et_pb_column type=\u00bb3_5&#8243; _builder_version=\u00bb4.25.1&#8243; _module_preset=\u00bbdefault\u00bb global_colors_info=\u00bb{}\u00bb][et_pb_text _builder_version=\u00bb4.25.1&#8243; _module_preset=\u00bbdefault\u00bb text_font=\u00bbavant|600|||||||\u00bb text_text_color=\u00bb#505e29&#8243; text_font_size=\u00bb34px\u00bb custom_margin=\u00bb1px|||5px||\u00bb text_font_size_tablet=\u00bb30px\u00bb text_font_size_phone=\u00bb22px\u00bb text_font_size_last_edited=\u00bbon|phone\u00bb text_orientation_tablet=\u00bb\u00bb text_orientation_phone=\u00bbcenter\u00bb text_orientation_last_edited=\u00bbon|desktop\u00bb global_colors_info=\u00bb{}\u00bb]<\/p>\n<p>Hola! Soy la Dra. Cintia Coturel<\/p>\n<p>[\/et_pb_text][et_pb_text content_tablet=\u00bb<\/p>\n<p>y aqu\u00ed te comparto todas las formas en que puedo <br \/>ayudarte a coseguir tu mejor Jubilaci\u00f3n.<\/p>\n<p>\u00bb content_phone=\u00bb<\/p>\n<p>y aqu\u00ed te comparto todas las formas en que puedo ayudarte a coseguir tu mejor Jubilaci\u00f3n.<\/p>\n<p>\u00bb content_last_edited=\u00bbon|phone\u00bb _builder_version=\u00bb4.27.3&#8243; _module_preset=\u00bbdefault\u00bb text_font=\u00bbavant|700|||||||\u00bb text_text_color=\u00bb#505e29&#8243; text_font_size=\u00bb17px\u00bb text_orientation=\u00bbjustified\u00bb custom_margin=\u00bb-20px|||5px||\u00bb custom_padding=\u00bb12px|||||\u00bb text_font_size_tablet=\u00bb17px\u00bb text_font_size_phone=\u00bb19px\u00bb text_font_size_last_edited=\u00bbon|phone\u00bb text_orientation_tablet=\u00bbjustified\u00bb text_orientation_phone=\u00bbjustified\u00bb text_orientation_last_edited=\u00bbon|phone\u00bb global_colors_info=\u00bb{}\u00bb]<\/p>\n<p>y aqu\u00ed te comparto todas las formas en que puedo ayudarte a coseguir tu mejor Jubilaci\u00f3n.<\/p>\n<p>[\/et_pb_text][et_pb_text _builder_version=\u00bb4.27.3&#8243; _module_preset=\u00bbdefault\u00bb text_font=\u00bbavant||||||||\u00bb text_text_color=\u00bb#000000&#8243; text_font_size=\u00bb21px\u00bb custom_margin=\u00bb-20px||4px|1px||\u00bb custom_padding=\u00bb1px|||||\u00bb text_orientation_tablet=\u00bb\u00bb text_orientation_phone=\u00bb\u00bb text_orientation_last_edited=\u00bbon|phone\u00bb global_colors_info=\u00bb{}\u00bb]<\/p>\n<p>Pero antes, no te olvides de seguirme en:<\/p>\n<p>[\/et_pb_text][et_pb_image src=\u00bbhttps:\/\/cintiacoturel.com.ar\/builder\/wp-content\/uploads\/2024\/06\/boton-insta.png\u00bb title_text=\u00bbboton insta\u00bb url=\u00bbhttps:\/\/www.youtube.com\/c\/CintiaCoturel\u00bb align_tablet=\u00bb\u00bb align_phone=\u00bbcenter\u00bb align_last_edited=\u00bbon|phone\u00bb _builder_version=\u00bb4.25.1&#8243; _module_preset=\u00bbdefault\u00bb width=\u00bb38%\u00bb width_tablet=\u00bb67%\u00bb width_phone=\u00bb59%\u00bb width_last_edited=\u00bbon|phone\u00bb custom_margin=\u00bb10px|||2px||\u00bb custom_padding=\u00bb|||0px||\u00bb global_colors_info=\u00bb{}\u00bb][\/et_pb_image][\/et_pb_column][\/et_pb_row][\/et_pb_section][et_pb_section fb_built=\u00bb1&#8243; _builder_version=\u00bb4.25.1&#8243; _module_preset=\u00bbdefault\u00bb background_color=\u00bb#768026&#8243; custom_margin=\u00bb||-7px|||\u00bb custom_padding=\u00bb8px||16px|||\u00bb global_colors_info=\u00bb{}\u00bb][et_pb_row column_structure=\u00bb1_3,1_3,1_3&#8243; make_equal=\u00bbon\u00bb _builder_version=\u00bb4.25.1&#8243; _module_preset=\u00bbdefault\u00bb background_color=\u00bbRGBA(255,255,255,0)\u00bb width=\u00bb74%\u00bb max_width=\u00bb1500px\u00bb custom_margin=\u00bb-112px|auto||auto||\u00bb custom_padding=\u00bb16px|||0px||\u00bb global_colors_info=\u00bb{}\u00bb][et_pb_column type=\u00bb1_3&#8243; _builder_version=\u00bb4.25.1&#8243; _module_preset=\u00bbdefault\u00bb background_color=\u00bb#FFFFFF\u00bb custom_padding=\u00bb||||false|false\u00bb border_radii=\u00bbon|15px|15px|15px|15px\u00bb border_width_all=\u00bb3px\u00bb global_colors_info=\u00bb{}\u00bb][et_pb_image src=\u00bbhttps:\/\/cintiacoturel.com.ar\/builder\/wp-content\/uploads\/2024\/06\/logo-estudio-dr-1.png\u00bb title_text=\u00bblogo estudio dr\u00bb align=\u00bbcenter\u00bb _builder_version=\u00bb4.27.3&#8243; _module_preset=\u00bbdefault\u00bb width=\u00bb70%\u00bb custom_margin=\u00bb12px||||false|false\u00bb custom_margin_tablet=\u00bb12px||||false|false\u00bb custom_margin_phone=\u00bb||||false|false\u00bb custom_margin_last_edited=\u00bbon|phone\u00bb custom_padding=\u00bb|10px||10px|false|true\u00bb global_colors_info=\u00bb{}\u00bb][\/et_pb_image][et_pb_button button_url=\u00bbhttps:\/\/cintiacoturel.com.ar\/builder\/servicios-del-estudio\u00bb button_text=\u00bbSERVICIOS DEL ESTUDIO\u00bb button_alignment=\u00bbcenter\u00bb _builder_version=\u00bb4.25.1&#8243; _module_preset=\u00bbdefault\u00bb custom_button=\u00bbon\u00bb button_text_size=\u00bb14px\u00bb button_text_color=\u00bb#FFFFFF\u00bb button_bg_color=\u00bb#4d5609&#8243; button_border_radius=\u00bb20px\u00bb button_font=\u00bbavant|700|||||||\u00bb button_use_icon=\u00bboff\u00bb custom_margin=\u00bb65px||19px||false|false\u00bb custom_padding=\u00bb|25px||25px|false|false\u00bb global_colors_info=\u00bb{}\u00bb][\/et_pb_button][\/et_pb_column][et_pb_column type=\u00bb1_3&#8243; _builder_version=\u00bb4.25.1&#8243; _module_preset=\u00bbdefault\u00bb background_color=\u00bb#FFFFFF\u00bb custom_padding=\u00bb||||false|false\u00bb border_radii=\u00bbon|15px|15px|15px|15px\u00bb border_width_all=\u00bb3px\u00bb global_colors_info=\u00bb{}\u00bb][et_pb_text _builder_version=\u00bb4.25.1&#8243; _module_preset=\u00bbdefault\u00bb text_font=\u00bb|700|||||||\u00bb text_text_color=\u00bb#757f11&#8243; text_font_size=\u00bb20px\u00bb text_orientation=\u00bbcenter\u00bb custom_margin=\u00bb-41px||20px|||\u00bb global_colors_info=\u00bb{}\u00bb]<\/p>\n<p>CURSOS Y TALLERES<\/p>\n<p>[\/et_pb_text][et_pb_image src=\u00bbhttps:\/\/cintiacoturel.com.ar\/builder\/wp-content\/uploads\/2024\/06\/cursos-y-talleres.png\u00bb title_text=\u00bbcursos y talleres\u00bb align=\u00bbcenter\u00bb _builder_version=\u00bb4.27.3&#8243; _module_preset=\u00bbdefault\u00bb width=\u00bb70%\u00bb custom_margin=\u00bb||100px||false|false\u00bb custom_margin_tablet=\u00bb||100px||false|false\u00bb custom_margin_phone=\u00bb||||false|false\u00bb custom_margin_last_edited=\u00bbon|desktop\u00bb custom_padding=\u00bb11px|10px||10px|false|true\u00bb global_colors_info=\u00bb{}\u00bb][\/et_pb_image][\/et_pb_column][et_pb_column type=\u00bb1_3&#8243; _builder_version=\u00bb4.25.1&#8243; _module_preset=\u00bbdefault\u00bb background_color=\u00bb#FFFFFF\u00bb custom_padding=\u00bb||||false|false\u00bb border_radii=\u00bbon|15px|15px|15px|15px\u00bb border_width_all=\u00bb3px\u00bb global_colors_info=\u00bb{}\u00bb][et_pb_image src=\u00bbhttps:\/\/cintiacoturel.com.ar\/builder\/wp-content\/uploads\/2024\/06\/academia-pre.png\u00bb title_text=\u00bbacademia pre\u00bb align=\u00bbcenter\u00bb _builder_version=\u00bb4.27.3&#8243; _module_preset=\u00bbdefault\u00bb width=\u00bb59%\u00bb custom_margin=\u00bb||19px|||\u00bb custom_margin_tablet=\u00bb||19px|||\u00bb custom_margin_phone=\u00bb||19px||false|false\u00bb custom_margin_last_edited=\u00bbon|phone\u00bb custom_padding=\u00bb20px|10px||10px|false|true\u00bb global_colors_info=\u00bb{}\u00bb][\/et_pb_image][et_pb_button button_url=\u00bbhttps:\/\/cintiacoturel.com.ar\/builder\/academia\/\u00bb button_text=\u00bbACADEMIA PREVISIONAL\u00bb button_alignment=\u00bbcenter\u00bb _builder_version=\u00bb4.25.1&#8243; _module_preset=\u00bbdefault\u00bb custom_button=\u00bbon\u00bb button_text_size=\u00bb14px\u00bb button_text_color=\u00bb#FFFFFF\u00bb button_bg_color=\u00bb#4d5609&#8243; button_border_width=\u00bb2px\u00bb button_border_radius=\u00bb29px\u00bb button_font=\u00bbavant|700|||||||\u00bb button_use_icon=\u00bboff\u00bb custom_margin=\u00bb1px||27px||false|false\u00bb custom_padding=\u00bb|25px||25px|false|false\u00bb global_colors_info=\u00bb{}\u00bb][\/et_pb_button][\/et_pb_column][\/et_pb_row][\/et_pb_section][et_pb_section fb_built=\u00bb1&#8243; _builder_version=\u00bb4.25.1&#8243; _module_preset=\u00bbdefault\u00bb background_color=\u00bb#4d5609&#8243; custom_margin=\u00bb6px|||||\u00bb custom_padding=\u00bb||59px|||\u00bb global_colors_info=\u00bb{}\u00bb][et_pb_row _builder_version=\u00bb4.27.3&#8243; _module_preset=\u00bbdefault\u00bb background_color=\u00bb#FFFFFF\u00bb width=\u00bb50%\u00bb width_tablet=\u00bb50%\u00bb width_phone=\u00bb87%\u00bb width_last_edited=\u00bbon|phone\u00bb module_alignment=\u00bbcenter\u00bb custom_margin=\u00bb40px|auto||6px|false|false\u00bb custom_padding=\u00bb||20px||false|false\u00bb border_radii=\u00bbon|40px|40px|40px|40px\u00bb box_shadow_style=\u00bbpreset1&#8243; box_shadow_blur=\u00bb35px\u00bb global_colors_info=\u00bb{}\u00bb][et_pb_column type=\u00bb4_4&#8243; _builder_version=\u00bb4.25.1&#8243; _module_preset=\u00bbdefault\u00bb global_colors_info=\u00bb{}\u00bb][et_pb_text _builder_version=\u00bb4.25.1&#8243; _module_preset=\u00bbdefault\u00bb text_font=\u00bbavant|600|||||||\u00bb text_text_color=\u00bb#515713&#8243; text_font_size=\u00bb30px\u00bb text_orientation=\u00bbcenter\u00bb text_font_size_tablet=\u00bb30px\u00bb text_font_size_phone=\u00bb22px\u00bb text_font_size_last_edited=\u00bbon|phone\u00bb global_colors_info=\u00bb{}\u00bb]<\/p>\n<p>&#8211; NOTICIAS &amp; NOVEDADES &#8211;<\/p>\n<p>[\/et_pb_text][et_pb_text content_tablet=\u00bb<\/p>\n<p>Todo lo que tenes que saber del mundo previsional<br \/>De la mano de la Dra Cintia Coturel.<\/p>\n<p>\u00bb content_phone=\u00bb<\/p>\n<p>Todo lo que tenes que saber del mundo previsional de la mano de la Dra Cintia Coturel.<\/p>\n<p>\u00bb content_last_edited=\u00bbon|phone\u00bb _builder_version=\u00bb4.27.3&#8243; _module_preset=\u00bbdefault\u00bb text_font=\u00bbavant||||||||\u00bb text_text_color=\u00bb#000000&#8243; text_font_size=\u00bb21px\u00bb text_orientation=\u00bbcenter\u00bb custom_margin=\u00bb-20px|||||\u00bb custom_padding=\u00bb11px|10px||10px|false|false\u00bb text_font_size_tablet=\u00bb21px\u00bb text_font_size_phone=\u00bb23px\u00bb text_font_size_last_edited=\u00bbon|phone\u00bb global_colors_info=\u00bb{}\u00bb]<\/p>\n<p>Todo lo que ten\u00e9s que saber del mundo previsional<br \/>De la mano de la Dra. Cintia Coturel.<\/p>\n<p>[\/et_pb_text][et_pb_button button_url=\u00bbhttps:\/\/cintiacoturel.tiendup.com\/blog\u00bb button_text=\u00bbINGRESAR\u00bb button_alignment=\u00bbcenter\u00bb _builder_version=\u00bb4.25.1&#8243; _module_preset=\u00bbdefault\u00bb custom_button=\u00bbon\u00bb button_text_size=\u00bb21px\u00bb button_text_color=\u00bb#FFFFFF\u00bb button_bg_color=\u00bb#4d5609&#8243; button_border_width=\u00bb1px\u00bb button_border_radius=\u00bb20px\u00bb button_font=\u00bbavant|700|||||||\u00bb button_use_icon=\u00bboff\u00bb custom_margin=\u00bb38px||19px||false|false\u00bb custom_padding=\u00bb||||false|false\u00bb button_text_size_tablet=\u00bb21px\u00bb button_text_size_phone=\u00bb20px\u00bb button_text_size_last_edited=\u00bbon|phone\u00bb global_colors_info=\u00bb{}\u00bb][\/et_pb_button][\/et_pb_column][\/et_pb_row][et_pb_row column_structure=\u00bb2_5,3_5&#8243; _builder_version=\u00bb4.27.3&#8243; _module_preset=\u00bbdefault\u00bb background_color=\u00bb#FFFFFF\u00bb width=\u00bb50%\u00bb width_tablet=\u00bb50%\u00bb width_phone=\u00bb87%\u00bb width_last_edited=\u00bbon|phone\u00bb module_alignment=\u00bbcenter\u00bb custom_margin=\u00bb40px|auto||0px|false|false\u00bb custom_padding=\u00bb0px|0px|0px|0px|false|false\u00bb border_radii=\u00bbon|40px|40px|40px|40px\u00bb border_width_all=\u00bb4px\u00bb border_color_all=\u00bb#FFFFFF\u00bb box_shadow_style=\u00bbpreset1&#8243; box_shadow_blur=\u00bb35px\u00bb global_colors_info=\u00bb{}\u00bb][et_pb_column type=\u00bb2_5&#8243; _builder_version=\u00bb4.25.1&#8243; _module_preset=\u00bbdefault\u00bb global_colors_info=\u00bb{}\u00bb][et_pb_image src=\u00bbhttps:\/\/cintiacoturel.com.ar\/builder\/wp-content\/uploads\/2025\/02\/sumate-1.jpg\u00bb title_text=\u00bbsumate\u00bb _builder_version=\u00bb4.27.3&#8243; _module_preset=\u00bbdefault\u00bb global_colors_info=\u00bb{}\u00bb][\/et_pb_image][\/et_pb_column][et_pb_column type=\u00bb3_5&#8243; _builder_version=\u00bb4.25.1&#8243; _module_preset=\u00bbdefault\u00bb global_colors_info=\u00bb{}\u00bb][et_pb_text _builder_version=\u00bb4.27.3&#8243; _module_preset=\u00bbdefault\u00bb text_font=\u00bbavant|600|||||||\u00bb text_text_color=\u00bb#515713&#8243; text_font_size=\u00bb30px\u00bb text_orientation=\u00bbcenter\u00bb custom_padding=\u00bb40px||||false|false\u00bb text_font_size_tablet=\u00bb30px\u00bb text_font_size_phone=\u00bb22px\u00bb text_font_size_last_edited=\u00bbon|phone\u00bb global_colors_info=\u00bb{}\u00bb]<\/p>\n<h1><strong>\u00bfQuer\u00e9s formar parte de mi equipo?<\/strong><\/h1>\n<p>[\/et_pb_text][et_pb_text content_tablet=\u00bb<\/p>\n<p>Todo lo que tenes que saber del mundo previsional<br \/>De la mano de la Dra Cintia Coturel.<\/p>\n<p>\u00bb content_phone=\u00bb<\/p>\n<p>Complet\u00e1 formulario y te contactaremos cuando una nueva vacante, adecuada a tu perfil, est\u00e9 disponible.<\/p>\n<p><em><strong>Deb\u00e9s ser estudiante avanzado o egresado de la carrera de abogac\u00eda o afines.<\/strong><\/em><\/p>\n<p>\u00bb content_last_edited=\u00bbon|desktop\u00bb _builder_version=\u00bb4.27.3&#8243; _module_preset=\u00bbdefault\u00bb text_font=\u00bbavant||||||||\u00bb text_text_color=\u00bb#000000&#8243; text_font_size=\u00bb21px\u00bb text_orientation=\u00bbcenter\u00bb custom_margin=\u00bb-20px|||||\u00bb custom_padding=\u00bb11px|10px||10px|false|false\u00bb text_font_size_tablet=\u00bb21px\u00bb text_font_size_phone=\u00bb20px\u00bb text_font_size_last_edited=\u00bbon|phone\u00bb global_colors_info=\u00bb{}\u00bb]<\/p>\n<p>Complet\u00e1 formulario y te contactaremos cuando una nueva vacante, adecuada a tu perfil, est\u00e9 disponible.<\/p>\n<p><em><strong>Deb\u00e9s ser estudiante avanzado o egresado de la carrera de abogac\u00eda o afines.<\/strong><\/em><\/p>\n<p>[\/et_pb_text][et_pb_button button_url=\u00bbhttps:\/\/docs.google.com\/forms\/d\/e\/1FAIpQLSes0yCOe2eRYJZ-ysrl8kbCfHCpcDTl2R9yNu_5jLjO4Z7UIg\/viewform?usp=preview\u00bb url_new_window=\u00bbon\u00bb button_text=\u00bbPOSTULARME\u00bb button_alignment=\u00bbcenter\u00bb _builder_version=\u00bb4.27.3&#8243; _module_preset=\u00bbdefault\u00bb custom_button=\u00bbon\u00bb button_text_size=\u00bb21px\u00bb button_text_color=\u00bb#FFFFFF\u00bb button_bg_color=\u00bb#4d5609&#8243; button_border_width=\u00bb1px\u00bb button_border_radius=\u00bb20px\u00bb button_font=\u00bbavant|700|||||||\u00bb button_use_icon=\u00bboff\u00bb custom_margin=\u00bb38px||19px||false|false\u00bb custom_padding=\u00bb||||false|false\u00bb button_text_size_tablet=\u00bb21px\u00bb button_text_size_phone=\u00bb20px\u00bb button_text_size_last_edited=\u00bbon|phone\u00bb global_colors_info=\u00bb{}\u00bb][\/et_pb_button][\/et_pb_column][\/et_pb_row][\/et_pb_section][et_pb_section fb_built=\u00bb1&#8243; module_id=\u00bb1&#8243; _builder_version=\u00bb4.25.1&#8243; _module_preset=\u00bbdefault\u00bb background_color=\u00bb#3b3b3a\u00bb custom_margin=\u00bb-16px|||||\u00bb global_colors_info=\u00bb{}\u00bb][et_pb_row _builder_version=\u00bb4.25.1&#8243; _module_preset=\u00bbdefault\u00bb custom_margin=\u00bb-30px|auto||auto||\u00bb global_colors_info=\u00bb{}\u00bb][et_pb_column type=\u00bb4_4&#8243; _builder_version=\u00bb4.25.1&#8243; _module_preset=\u00bbdefault\u00bb global_colors_info=\u00bb{}\u00bb][et_pb_text _builder_version=\u00bb4.25.1&#8243; _module_preset=\u00bbdefault\u00bb text_font=\u00bbavant||||||||\u00bb text_text_color=\u00bb#FFFFFF\u00bb text_font_size=\u00bb33px\u00bb text_orientation=\u00bbcenter\u00bb text_font_size_tablet=\u00bb33px\u00bb text_font_size_phone=\u00bb23px\u00bb text_font_size_last_edited=\u00bbon|phone\u00bb global_colors_info=\u00bb{}\u00bb]<\/p>\n<p>&#8211; MEDIOS DE CONTACTO &#8211;<\/p>\n<p>[\/et_pb_text][\/et_pb_column][\/et_pb_row][et_pb_row column_structure=\u00bb1_3,1_3,1_3&#8243; _builder_version=\u00bb4.25.1&#8243; _module_preset=\u00bbdefault\u00bb width=\u00bb32%\u00bb width_tablet=\u00bb32%\u00bb width_phone=\u00bb29%\u00bb width_last_edited=\u00bbon|phone\u00bb custom_margin=\u00bb-7px|auto||auto||\u00bb custom_padding=\u00bb14px|||||\u00bb global_colors_info=\u00bb{}\u00bb][et_pb_column type=\u00bb1_3&#8243; _builder_version=\u00bb4.25.1&#8243; _module_preset=\u00bbdefault\u00bb global_colors_info=\u00bb{}\u00bb][et_pb_image src=\u00bbhttps:\/\/cintiacoturel.com.ar\/builder\/wp-content\/uploads\/2024\/06\/sobre.png\u00bb title_text=\u00bbsobre\u00bb url=\u00bbmailto:info@estudiocoturel.com\u00bb url_new_window=\u00bbon\u00bb align=\u00bbright\u00bb align_tablet=\u00bbright\u00bb align_phone=\u00bbcenter\u00bb align_last_edited=\u00bbon|phone\u00bb _builder_version=\u00bb4.27.4&#8243; _module_preset=\u00bbdefault\u00bb width=\u00bb70%\u00bb global_colors_info=\u00bb{}\u00bb][\/et_pb_image][\/et_pb_column][et_pb_column type=\u00bb1_3&#8243; _builder_version=\u00bb4.25.1&#8243; _module_preset=\u00bbdefault\u00bb global_colors_info=\u00bb{}\u00bb][et_pb_image src=\u00bbhttps:\/\/cintiacoturel.com.ar\/builder\/wp-content\/uploads\/2024\/05\/WHATS.png\u00bb title_text=\u00bbWHATS\u00bb url=\u00bbhttps:\/\/api.whatsapp.com\/send?phone=+5491166512499&#8243; url_new_window=\u00bbon\u00bb align=\u00bbcenter\u00bb _builder_version=\u00bb4.25.1&#8243; _module_preset=\u00bbdefault\u00bb width=\u00bb70%\u00bb global_colors_info=\u00bb{}\u00bb][\/et_pb_image][\/et_pb_column][et_pb_column type=\u00bb1_3&#8243; _builder_version=\u00bb4.25.1&#8243; _module_preset=\u00bbdefault\u00bb global_colors_info=\u00bb{}\u00bb][et_pb_image src=\u00bbhttps:\/\/cintiacoturel.com.ar\/builder\/wp-content\/uploads\/2024\/05\/FAQ.png\u00bb title_text=\u00bbFAQ\u00bb url=\u00bbhttps:\/\/www.youtube.com\/watch?v=VRWo4kFEQKc&#038;list=PLPnUJpB79atSrssHXLJ50tSanNW5NjCBB\u00bb url_new_window=\u00bbon\u00bb align_tablet=\u00bb\u00bb align_phone=\u00bbcenter\u00bb align_last_edited=\u00bbon|phone\u00bb _builder_version=\u00bb4.25.1&#8243; _module_preset=\u00bbdefault\u00bb width=\u00bb70%\u00bb global_colors_info=\u00bb{}\u00bb][\/et_pb_image][\/et_pb_column][\/et_pb_row][\/et_pb_section]<\/p>\n","protected":false},"excerpt":{"rendered":"<p>Hola! Soy la Dra. Cintia Coturely aqu\u00ed te comparto todas las formas en que puedo ayudarte a coseguir tu mejor Jubilaci\u00f3n.Pero antes, no te olvides de seguirme en:CURSOS Y TALLERES- NOTICIAS &amp; NOVEDADES -Todo lo que ten\u00e9s que saber del mundo previsionalDe la mano de la Dra. Cintia Coturel.\u00bfQuer\u00e9s formar parte de mi equipo?Complet\u00e1 formulario [&hellip;]<\/p>\n","protected":false},"author":1,"featured_media":0,"parent":0,"menu_order":0,"comment_status":"closed","ping_status":"closed","template":"","meta":{"_et_pb_use_builder":"on","_et_pb_old_content":"<!-- wp:divi\/placeholder \/-->","_et_gb_content_width":"","footnotes":""},"class_list":["post-9","page","type-page","status-publish","hentry"],"_links":{"self":[{"href":"https:\/\/cintiacoturel.com.ar\/builder\/wp-json\/wp\/v2\/pages\/9","targetHints":{"allow":["GET"]}}],"collection":[{"href":"https:\/\/cintiacoturel.com.ar\/builder\/wp-json\/wp\/v2\/pages"}],"about":[{"href":"https:\/\/cintiacoturel.com.ar\/builder\/wp-json\/wp\/v2\/types\/page"}],"author":[{"embeddable":true,"href":"https:\/\/cintiacoturel.com.ar\/builder\/wp-json\/wp\/v2\/users\/1"}],"replies":[{"embeddable":true,"href":"https:\/\/cintiacoturel.com.ar\/builder\/wp-json\/wp\/v2\/comments?post=9"}],"version-history":[{"count":80,"href":"https:\/\/cintiacoturel.com.ar\/builder\/wp-json\/wp\/v2\/pages\/9\/revisions"}],"predecessor-version":[{"id":596,"href":"https:\/\/cintiacoturel.com.ar\/builder\/wp-json\/wp\/v2\/pages\/9\/revisions\/596"}],"wp:attachment":[{"href":"https:\/\/cintiacoturel.com.ar\/builder\/wp-json\/wp\/v2\/media?parent=9"}],"curies":[{"name":"wp","href":"https:\/\/api.w.org\/{rel}","templated":true}]}}