{"id":14,"date":"2024-05-28T00:20:45","date_gmt":"2024-05-28T00:20:45","guid":{"rendered":"https:\/\/cintiacoturel.com.ar\/builder\/?page_id=14"},"modified":"2025-10-17T14:31:57","modified_gmt":"2025-10-17T14:31:57","slug":"servicios-del-estudio","status":"publish","type":"page","link":"https:\/\/cintiacoturel.com.ar\/builder\/servicios-del-estudio\/","title":{"rendered":"SERVICIOS DEL ESTUDIO"},"content":{"rendered":"<p>[et_pb_section fb_built=\u00bb1&#8243; _builder_version=\u00bb4.25.1&#8243; _module_preset=\u00bbdefault\u00bb custom_padding=\u00bb0px||0px|||\u00bb global_colors_info=\u00bb{}\u00bb][et_pb_row _builder_version=\u00bb4.25.1&#8243; _module_preset=\u00bbdefault\u00bb width_tablet=\u00bb\u00bb width_phone=\u00bb88%\u00bb width_last_edited=\u00bbon|phone\u00bb custom_margin=\u00bb|auto|-7px|auto||\u00bb custom_padding=\u00bb0px||0px|||\u00bb global_colors_info=\u00bb{}\u00bb][et_pb_column type=\u00bb4_4&#8243; _builder_version=\u00bb4.25.1&#8243; _module_preset=\u00bbdefault\u00bb global_colors_info=\u00bb{}\u00bb][et_pb_image src=\u00bbhttps:\/\/cintiacoturel.com.ar\/builder\/wp-content\/uploads\/2024\/06\/slide-estudio.jpg\u00bb title_text=\u00bbslide estudio\u00bb _builder_version=\u00bb4.25.2&#8243; _module_preset=\u00bbdefault\u00bb custom_margin=\u00bb||1px|||\u00bb global_colors_info=\u00bb{}\u00bb][\/et_pb_image][\/et_pb_column][\/et_pb_row][\/et_pb_section][et_pb_section fb_built=\u00bb1&#8243; _builder_version=\u00bb4.25.1&#8243; _module_preset=\u00bbdefault\u00bb background_color=\u00bb#4d5609&#8243; custom_margin=\u00bb6px|||||\u00bb custom_padding=\u00bb21px||102px|||\u00bb global_colors_info=\u00bb{}\u00bb][et_pb_row _builder_version=\u00bb4.25.1&#8243; _module_preset=\u00bbdefault\u00bb width=\u00bb54%\u00bb width_tablet=\u00bb54%\u00bb width_phone=\u00bb85%\u00bb width_last_edited=\u00bbon|phone\u00bb custom_margin=\u00bb-1px|auto|-27px|auto||\u00bb custom_padding=\u00bb6px||0px|||\u00bb global_colors_info=\u00bb{}\u00bb][et_pb_column type=\u00bb4_4&#8243; _builder_version=\u00bb4.25.1&#8243; _module_preset=\u00bbdefault\u00bb global_colors_info=\u00bb{}\u00bb][et_pb_text _builder_version=\u00bb4.25.1&#8243; _module_preset=\u00bbdefault\u00bb text_font=\u00bbavant|700|||||||\u00bb text_text_color=\u00bb#FFFFFF\u00bb text_font_size=\u00bb35px\u00bb text_letter_spacing=\u00bb1px\u00bb text_orientation=\u00bbcenter\u00bb custom_margin=\u00bb||36px|||\u00bb text_font_size_tablet=\u00bb27px\u00bb text_font_size_phone=\u00bb22px\u00bb text_font_size_last_edited=\u00bbon|phone\u00bb text_text_shadow_style=\u00bbpreset1&#8243; global_colors_info=\u00bb{}\u00bb]<\/p>\n<p>\u00a1Bienvenidos a nuestro estudio!<\/p>\n<p>[\/et_pb_text][et_pb_text _builder_version=\u00bb4.25.2&#8243; _module_preset=\u00bbdefault\u00bb text_font=\u00bbavant||||||||\u00bb text_text_color=\u00bb#FFFFFF\u00bb text_font_size=\u00bb23px\u00bb text_line_height=\u00bb1.3em\u00bb text_orientation=\u00bbcenter\u00bb custom_margin=\u00bb-17px||-9px|||\u00bb text_font_size_tablet=\u00bb23px\u00bb text_font_size_phone=\u00bb16px\u00bb text_font_size_last_edited=\u00bbon|phone\u00bb global_colors_info=\u00bb{}\u00bb]<\/p>\n<p>Para mejorar la atenci\u00f3n a los clientes del Estudio, organizamos nuestros servicios seg\u00fan el tipo de tr\u00e1mite o consulta que la persona quiere realizar.<\/p>\n<p>Cada tr\u00e1mite tiene una serie de procesos internos dentro del Estudio, para su mejor seguimiento.<\/p>\n<p>Todos los procesos fueron desarrollados y son supervisados <br \/>directamente por la Dra. Coturel.<\/p>\n<p>[\/et_pb_text][et_pb_text _builder_version=\u00bb4.25.1&#8243; _module_preset=\u00bbdefault\u00bb text_font=\u00bb|300|||||||\u00bb text_text_color=\u00bb#FFFFFF\u00bb text_font_size=\u00bb40px\u00bb text_orientation=\u00bbcenter\u00bb custom_margin=\u00bb50px||51px|||\u00bb text_font_size_tablet=\u00bb27px\u00bb text_font_size_phone=\u00bb22px\u00bb text_font_size_last_edited=\u00bbon|phone\u00bb text_text_shadow_style=\u00bbpreset1&#8243; global_colors_info=\u00bb{}\u00bb]<\/p>\n<p>&#8211; TIPOS DE ASESORAMIENTO &#8211;<\/p>\n<p>[\/et_pb_text][\/et_pb_column][\/et_pb_row][\/et_pb_section][et_pb_section fb_built=\u00bb1&#8243; _builder_version=\u00bb4.25.1&#8243; _module_preset=\u00bbdefault\u00bb background_enable_color=\u00bboff\u00bb custom_margin=\u00bb-16px|||||\u00bb custom_padding=\u00bb21px||6px|||\u00bb global_colors_info=\u00bb{}\u00bb][et_pb_row column_structure=\u00bb1_3,1_3,1_3&#8243; _builder_version=\u00bb4.25.1&#8243; _module_preset=\u00bbdefault\u00bb width=\u00bb68%\u00bb width_tablet=\u00bb68%\u00bb width_phone=\u00bb72%\u00bb width_last_edited=\u00bbon|phone\u00bb custom_margin=\u00bb-86px|auto||auto|false|false\u00bb custom_padding=\u00bb0px||6px|||\u00bb global_colors_info=\u00bb{}\u00bb][et_pb_column type=\u00bb1_3&#8243; _builder_version=\u00bb4.25.1&#8243; _module_preset=\u00bbdefault\u00bb global_colors_info=\u00bb{}\u00bb][et_pb_image src=\u00bbhttps:\/\/cintiacoturel.com.ar\/builder\/wp-content\/uploads\/2024\/06\/tram.png\u00bb title_text=\u00bbtram\u00bb _builder_version=\u00bb4.25.1&#8243; _module_preset=\u00bbdefault\u00bb global_colors_info=\u00bb{}\u00bb][\/et_pb_image][\/et_pb_column][et_pb_column type=\u00bb1_3&#8243; _builder_version=\u00bb4.25.1&#8243; _module_preset=\u00bbdefault\u00bb global_colors_info=\u00bb{}\u00bb][et_pb_image src=\u00bbhttps:\/\/cintiacoturel.com.ar\/builder\/wp-content\/uploads\/2024\/06\/recla.png\u00bb title_text=\u00bbrecla\u00bb _builder_version=\u00bb4.25.1&#8243; _module_preset=\u00bbdefault\u00bb global_colors_info=\u00bb{}\u00bb][\/et_pb_image][\/et_pb_column][et_pb_column type=\u00bb1_3&#8243; _builder_version=\u00bb4.25.1&#8243; _module_preset=\u00bbdefault\u00bb global_colors_info=\u00bb{}\u00bb][et_pb_image src=\u00bbhttps:\/\/cintiacoturel.com.ar\/builder\/wp-content\/uploads\/2024\/06\/amp.png\u00bb title_text=\u00bbamp\u00bb _builder_version=\u00bb4.25.1&#8243; _module_preset=\u00bbdefault\u00bb global_colors_info=\u00bb{}\u00bb][\/et_pb_image][\/et_pb_column][\/et_pb_row][\/et_pb_section][et_pb_section fb_built=\u00bb1&#8243; _builder_version=\u00bb4.25.1&#8243; _module_preset=\u00bbdefault\u00bb custom_padding=\u00bb60px|||||\u00bb global_colors_info=\u00bb{}\u00bb][et_pb_row _builder_version=\u00bb4.25.1&#8243; _module_preset=\u00bbdefault\u00bb background_color=\u00bb#FFFFFF\u00bb width=\u00bb50%\u00bb width_tablet=\u00bb50%\u00bb width_phone=\u00bb87%\u00bb width_last_edited=\u00bbon|phone\u00bb module_alignment=\u00bbcenter\u00bb custom_margin=\u00bb|auto||6px|false|false\u00bb custom_padding=\u00bb||20px||false|false\u00bb box_shadow_style=\u00bbpreset1&#8243; box_shadow_color=\u00bb#000000&#8243; global_colors_info=\u00bb{}\u00bb][et_pb_column type=\u00bb4_4&#8243; _builder_version=\u00bb4.25.1&#8243; _module_preset=\u00bbdefault\u00bb global_colors_info=\u00bb{}\u00bb][et_pb_text _builder_version=\u00bb4.25.1&#8243; _module_preset=\u00bbdefault\u00bb text_font=\u00bbavant|700|||||||\u00bb text_text_color=\u00bb#515713&#8243; text_font_size=\u00bb32px\u00bb text_letter_spacing=\u00bb1px\u00bb text_orientation=\u00bbcenter\u00bb text_font_size_tablet=\u00bb30px\u00bb text_font_size_phone=\u00bb17px\u00bb text_font_size_last_edited=\u00bbon|phone\u00bb text_text_shadow_style=\u00bbpreset1&#8243; text_text_shadow_vertical_length=\u00bb0.01em\u00bb text_text_shadow_blur_strength=\u00bb0.03em\u00bb text_text_shadow_horizontal_length_tablet=\u00bb\u00bb text_text_shadow_horizontal_length_phone=\u00bb\u00bb text_text_shadow_horizontal_length_last_edited=\u00bbon|desktop\u00bb global_colors_info=\u00bb{}\u00bb text_text_shadow_horizontal_length__hover_enabled=\u00bbon|desktop\u00bb]<\/p>\n<p>\u00bfQuer\u00e9s iniciar un tr\u00e1mite?<\/p>\n<p>[\/et_pb_text][et_pb_text content_tablet=\u00bb<\/p>\n<p>Todo lo que tenes que saber del mundo previsional<br \/>De la mano de la Dra Cintia Coturel.<\/p>\n<p>\u00bb content_phone=\u00bb<\/p>\n<p>Todo lo que tenes que saber del mundo previsional de la mano de la Dra Cintia Coturel.<\/p>\n<p>\u00bb content_last_edited=\u00bbon|phone\u00bb _builder_version=\u00bb4.25.1&#8243; _module_preset=\u00bbdefault\u00bb text_font=\u00bbavant||||||||\u00bb text_text_color=\u00bb#000000&#8243; text_font_size=\u00bb19px\u00bb text_line_height=\u00bb1.71em\u00bb text_orientation=\u00bbcenter\u00bb custom_margin=\u00bb-20px|||||\u00bb custom_padding=\u00bb11px|10px||10px|false|false\u00bb text_font_size_tablet=\u00bb21px\u00bb text_font_size_phone=\u00bb15px\u00bb text_font_size_last_edited=\u00bbon|phone\u00bb global_colors_info=\u00bb{}\u00bb]<\/p>\n<p>Para hacerlo, envianos un whatsapp desde el bot\u00f3n de abajo para agendar con nuestra secretaria la entrevista inicial. Tenemos dos opciones de entrevista, seg\u00fan se trate<br \/>de inicio de expediente administrativo o de reajuste de haberes. <br \/><strong>Tomamos un cupo limitado de casos por mes, para garantizar la atenci\u00f3n personalizada y dedicaci\u00f3n necesaria a tu caso de forma tal de lograr tu mejor jubilaci\u00f3n.<\/strong><\/p>\n<p>[\/et_pb_text][et_pb_button button_url=\u00bbhttps:\/\/wa.me\/5491166512499?text=Hola%20quiero%20agendar%20una%20entrevista\u00bb url_new_window=\u00bbon\u00bb button_text=\u00bbAGENDAR ENTREVISTA INICIAL\u00bb button_alignment=\u00bbcenter\u00bb _builder_version=\u00bb4.27.4&#8243; _module_preset=\u00bbdefault\u00bb custom_button=\u00bbon\u00bb button_text_size=\u00bb20px\u00bb button_text_color=\u00bb#FFFFFF\u00bb button_bg_color=\u00bb#4d5609&#8243; button_border_width=\u00bb2px\u00bb button_border_radius=\u00bb29px\u00bb button_font=\u00bbavant||||||||\u00bb button_use_icon=\u00bboff\u00bb custom_margin=\u00bb||20px||false|false\u00bb custom_padding=\u00bb||||false|false\u00bb hover_enabled=\u00bb0&#8243; button_text_size_tablet=\u00bb20px\u00bb button_text_size_phone=\u00bb16px\u00bb button_text_size_last_edited=\u00bbon|phone\u00bb global_colors_info=\u00bb{}\u00bb sticky_enabled=\u00bb0&#8243;][\/et_pb_button][\/et_pb_column][\/et_pb_row][\/et_pb_section][et_pb_section fb_built=\u00bb1&#8243; module_id=\u00bb1&#8243; _builder_version=\u00bb4.25.1&#8243; _module_preset=\u00bbdefault\u00bb background_color=\u00bb#3b3b3a\u00bb global_colors_info=\u00bb{}\u00bb][et_pb_row _builder_version=\u00bb4.25.1&#8243; _module_preset=\u00bbdefault\u00bb custom_margin=\u00bb-30px|auto||auto||\u00bb global_colors_info=\u00bb{}\u00bb][et_pb_column type=\u00bb4_4&#8243; _builder_version=\u00bb4.25.1&#8243; _module_preset=\u00bbdefault\u00bb global_colors_info=\u00bb{}\u00bb][et_pb_text _builder_version=\u00bb4.25.1&#8243; _module_preset=\u00bbdefault\u00bb text_font=\u00bbavant||||||||\u00bb text_text_color=\u00bb#FFFFFF\u00bb text_font_size=\u00bb33px\u00bb text_orientation=\u00bbcenter\u00bb text_font_size_tablet=\u00bb33px\u00bb text_font_size_phone=\u00bb23px\u00bb text_font_size_last_edited=\u00bbon|phone\u00bb global_colors_info=\u00bb{}\u00bb]<\/p>\n<p>&#8211; MEDIOS DE CONTACTO &#8211;<\/p>\n<p>[\/et_pb_text][\/et_pb_column][\/et_pb_row][et_pb_row column_structure=\u00bb1_3,1_3,1_3&#8243; _builder_version=\u00bb4.25.1&#8243; _module_preset=\u00bbdefault\u00bb width=\u00bb32%\u00bb width_tablet=\u00bb32%\u00bb width_phone=\u00bb29%\u00bb width_last_edited=\u00bbon|phone\u00bb custom_margin=\u00bb-7px|auto||auto||\u00bb custom_padding=\u00bb14px|||||\u00bb global_colors_info=\u00bb{}\u00bb][et_pb_column type=\u00bb1_3&#8243; _builder_version=\u00bb4.25.1&#8243; _module_preset=\u00bbdefault\u00bb global_colors_info=\u00bb{}\u00bb][et_pb_image src=\u00bbhttps:\/\/cintiacoturel.com.ar\/builder\/wp-content\/uploads\/2024\/06\/sobre.png\u00bb title_text=\u00bbsobre\u00bb url=\u00bbmailto:info@estudiocoturel.com\u00bb url_new_window=\u00bbon\u00bb align=\u00bbright\u00bb align_tablet=\u00bbright\u00bb align_phone=\u00bbcenter\u00bb align_last_edited=\u00bbon|phone\u00bb _builder_version=\u00bb4.27.4&#8243; _module_preset=\u00bbdefault\u00bb width=\u00bb70%\u00bb global_colors_info=\u00bb{}\u00bb][\/et_pb_image][\/et_pb_column][et_pb_column type=\u00bb1_3&#8243; _builder_version=\u00bb4.25.1&#8243; _module_preset=\u00bbdefault\u00bb global_colors_info=\u00bb{}\u00bb][et_pb_image src=\u00bbhttps:\/\/cintiacoturel.com.ar\/builder\/wp-content\/uploads\/2024\/05\/WHATS.png\u00bb title_text=\u00bbWHATS\u00bb url=\u00bbhttps:\/\/api.whatsapp.com\/send?phone=+5491166512499&#8243; url_new_window=\u00bbon\u00bb align=\u00bbcenter\u00bb _builder_version=\u00bb4.25.1&#8243; _module_preset=\u00bbdefault\u00bb width=\u00bb70%\u00bb global_colors_info=\u00bb{}\u00bb][\/et_pb_image][\/et_pb_column][et_pb_column type=\u00bb1_3&#8243; _builder_version=\u00bb4.25.1&#8243; _module_preset=\u00bbdefault\u00bb global_colors_info=\u00bb{}\u00bb][et_pb_image src=\u00bbhttps:\/\/cintiacoturel.com.ar\/builder\/wp-content\/uploads\/2024\/05\/FAQ.png\u00bb title_text=\u00bbFAQ\u00bb url=\u00bbhttps:\/\/www.youtube.com\/watch?v=VRWo4kFEQKc&#038;list=PLPnUJpB79atSrssHXLJ50tSanNW5NjCBB\u00bb url_new_window=\u00bbon\u00bb align_tablet=\u00bb\u00bb align_phone=\u00bbcenter\u00bb align_last_edited=\u00bbon|phone\u00bb _builder_version=\u00bb4.25.1&#8243; _module_preset=\u00bbdefault\u00bb width=\u00bb70%\u00bb global_colors_info=\u00bb{}\u00bb][\/et_pb_image][\/et_pb_column][\/et_pb_row][\/et_pb_section]<\/p>\n","protected":false},"excerpt":{"rendered":"<p>\u00a1Bienvenidos a nuestro estudio!Para mejorar la atenci\u00f3n a los clientes del Estudio, organizamos nuestros servicios seg\u00fan el tipo de tr\u00e1mite o consulta que la persona quiere realizar. Cada tr\u00e1mite tiene una serie de procesos internos dentro del Estudio, para su mejor seguimiento. Todos los procesos fueron desarrollados y son supervisados directamente por la Dra. Coturel.- [&hellip;]<\/p>\n","protected":false},"author":1,"featured_media":0,"parent":0,"menu_order":0,"comment_status":"closed","ping_status":"closed","template":"","meta":{"_et_pb_use_builder":"on","_et_pb_old_content":"<!-- wp:divi\/placeholder \/-->","_et_gb_content_width":"","footnotes":""},"class_list":["post-14","page","type-page","status-publish","hentry"],"_links":{"self":[{"href":"https:\/\/cintiacoturel.com.ar\/builder\/wp-json\/wp\/v2\/pages\/14","targetHints":{"allow":["GET"]}}],"collection":[{"href":"https:\/\/cintiacoturel.com.ar\/builder\/wp-json\/wp\/v2\/pages"}],"about":[{"href":"https:\/\/cintiacoturel.com.ar\/builder\/wp-json\/wp\/v2\/types\/page"}],"author":[{"embeddable":true,"href":"https:\/\/cintiacoturel.com.ar\/builder\/wp-json\/wp\/v2\/users\/1"}],"replies":[{"embeddable":true,"href":"https:\/\/cintiacoturel.com.ar\/builder\/wp-json\/wp\/v2\/comments?post=14"}],"version-history":[{"count":32,"href":"https:\/\/cintiacoturel.com.ar\/builder\/wp-json\/wp\/v2\/pages\/14\/revisions"}],"predecessor-version":[{"id":593,"href":"https:\/\/cintiacoturel.com.ar\/builder\/wp-json\/wp\/v2\/pages\/14\/revisions\/593"}],"wp:attachment":[{"href":"https:\/\/cintiacoturel.com.ar\/builder\/wp-json\/wp\/v2\/media?parent=14"}],"curies":[{"name":"wp","href":"https:\/\/api.w.org\/{rel}","templated":true}]}}